{"id":2002,"date":"2012-05-18T18:34:29","date_gmt":"2012-05-18T15:34:29","guid":{"rendered":"http:\/\/satchurch.gold.lv\/lugsanu-istaba-2\/"},"modified":"2012-06-17T02:50:52","modified_gmt":"2012-06-16T23:50:52","slug":"%d0%bc%d0%be%d0%bb%d0%b8%d1%82%d0%b2%d0%b5%d0%bd%d0%bd%d0%b0%d1%8f-%d0%ba%d0%be%d0%bc%d0%bd%d0%b0%d1%82%d0%b0","status":"publish","type":"page","link":"https:\/\/satchurch.lv\/ru\/%d0%bc%d0%be%d0%bb%d0%b8%d1%82%d0%b2%d0%b5%d0%bd%d0%bd%d0%b0%d1%8f-%d0%ba%d0%be%d0%bc%d0%bd%d0%b0%d1%82%d0%b0\/","title":{"rendered":"\u041c\u043e\u043b\u0438\u0442\u0432\u0435\u043d\u043d\u0430\u044f \u043a\u043e\u043c\u043d\u0430\u0442\u0430"},"content":{"rendered":"[three_fourth]\u201e<strong>Gars un Paties\u012bba<\/strong>\u201d, m\u0113s ticam l\u016bg\u0161anu sp\u0113kam un iesp\u0113j\u0101m. M\u0113s ticam, ka l\u016bg\u0161ana var main\u012bt lietu k\u0101rt\u012bbu, p\u0101rv\u0113rst tra\u0123\u0113diju triumf\u0101 un d\u0101v\u0101t prieku apb\u0113din\u0101t\u0101m dv\u0113sel\u0113m. Uz t\u0101du br\u012bnumu ir spej\u012bga galvenok\u0101rt vienot\u012bbas l\u016bg\u0161ana. L\u016bk kap\u0113c J\u0113zus teica:\r\n<b><i>\r\n\u00abAtkal Es jums saku: ja divi no jums virs zemes ir vien\u0101 pr\u0101t\u0101 kaut k\u0101das lietas d\u0113\u013c, ko tie grib l\u016bgt, tad Mans Debesu T\u0113vs to tiem dos.\u00bb (\u041c\u0430t. 18:19).\r\n<\/i><\/b> \r\nTas run\u0101 mums par to, ka vienot\u012bbas l\u016bg\u0161anai piem\u012bt liel\u0101ks sp\u0113ks un ietekme, nek\u0101 individu\u0101lai l\u016bg\u0161anai.\r\nB\u012bbele t\u0101pat ar\u012b apgalvo l\u016bk ko:\r\n<b><i>\r\n\u00abpieci no jums vaj\u0101s simts ienaidniekus, un simts j\u016bs\u0113jo vaj\u0101s desmit t\u016bksto\u0161us, un j\u016bsu ienaidnieki krit\u012bs no zobena, j\u016bsu acu priek\u0161\u0101\u00bb (3 Mozus 26:8).\r\n<\/i><\/b>\r\nDievs v\u0113las lai visi j\u016bsu ienaidnieki (viss, kas trauc\u0113 jums piepild\u012bt Dieva gribu un baud\u012bt Vi\u0146a m\u012blest\u012bbu) kristu j\u016bsu priek\u0161\u0101 lokot savus celus. Vienot\u012bbas l\u016bg\u0161ana sp\u0113l\u0113 taj\u0101 milz\u012bgu lomu.\r\n<br>\r\nMums tas ir liels prieks un gods l\u016bgt par jums un j\u016bsu vajadz\u012bb\u0101m. K\u0101 tikko m\u0113s sa\u0146emsim no jums l\u016bg\u0161anu vajadz\u012bbas, \u0161\u012bs vajadz\u012bbas t\u016bl\u012bt pat tiks nodotas cilv\u0113kiem, kuri l\u016bgs par t\u0101m ar tic\u012bbu, k\u0101 par sav\u0101m vajadz\u012bb\u0101m.\r\nLai nodotu mums savas l\u016bg\u0161anu vajadz\u012bbas, vienk\u0101r\u0161i aizpildiet  sekojo\u0161o l\u016bg\u0161anu anketu, bet pec tam nos\u016btiet to.[\/three_fourth]  \r\n\r\n[one_fourth_last][contactform formname=&#8221;lganu_istaba_579211395699530900&#8243; email=&#8221;rolands.zeltins@gmail.com, garsunpatiesiba@gmail.com&#8221;]\r\n[\/one_fourth_last]","protected":false},"excerpt":{"rendered":"[three_fourth]\u201eGars un Paties\u012bba\u201d, m\u0113s ticam l\u016bg\u0161anu sp\u0113kam un iesp\u0113j\u0101m. M\u0113s ticam, ka l\u016bg\u0161ana var main\u012bt lietu k\u0101rt\u012bbu, p\u0101rv\u0113rst tra\u0123\u0113diju triumf\u0101 un d\u0101v\u0101t prieku apb\u0113din\u0101t\u0101m dv\u0113sel\u0113m. Uz t\u0101du br\u012bnumu ir spej\u012bga galvenok\u0101rt vienot\u012bbas l\u016bg\u0161ana. L\u016bk kap\u0113c J\u0113zus teica: \u00abAtkal Es jums saku: ja divi no jums virs zemes ir vien\u0101 pr\u0101t\u0101 kaut k\u0101das lietas d\u0113\u013c, ko&#8230;","protected":false},"author":1,"featured_media":0,"parent":0,"menu_order":0,"comment_status":"closed","ping_status":"closed","template":"","meta":{"_kad_blocks_custom_css":"","_kad_blocks_head_custom_js":"","_kad_blocks_body_custom_js":"","_kad_blocks_footer_custom_js":"","_kad_post_transparent":"","_kad_post_title":"","_kad_post_layout":"","_kad_post_sidebar_id":"","_kad_post_content_style":"","_kad_post_vertical_padding":"","_kad_post_feature":"","_kad_post_feature_position":"","_kad_post_header":false,"_kad_post_footer":false,"_kad_post_classname":"","footnotes":""},"class_list":["post-2002","page","type-page","status-publish","hentry"],"taxonomy_info":[],"featured_image_src_large":false,"author_info":{"display_name":"Rolands Z","author_link":"https:\/\/satchurch.lv\/ru\/author\/rolands-zeltins\/"},"comment_info":0,"_links":{"self":[{"href":"https:\/\/satchurch.lv\/ru\/wp-json\/wp\/v2\/pages\/2002","targetHints":{"allow":["GET"]}}],"collection":[{"href":"https:\/\/satchurch.lv\/ru\/wp-json\/wp\/v2\/pages"}],"about":[{"href":"https:\/\/satchurch.lv\/ru\/wp-json\/wp\/v2\/types\/page"}],"author":[{"embeddable":true,"href":"https:\/\/satchurch.lv\/ru\/wp-json\/wp\/v2\/users\/1"}],"replies":[{"embeddable":true,"href":"https:\/\/satchurch.lv\/ru\/wp-json\/wp\/v2\/comments?post=2002"}],"version-history":[{"count":0,"href":"https:\/\/satchurch.lv\/ru\/wp-json\/wp\/v2\/pages\/2002\/revisions"}],"wp:attachment":[{"href":"https:\/\/satchurch.lv\/ru\/wp-json\/wp\/v2\/media?parent=2002"}],"curies":[{"name":"wp","href":"https:\/\/api.w.org\/{rel}","templated":true}]}}