{"id":2013,"date":"2012-05-20T00:51:56","date_gmt":"2012-05-19T21:51:56","guid":{"rendered":"http:\/\/satchurch.gold.lv\/kontakti-2\/"},"modified":"2021-03-30T03:47:41","modified_gmt":"2021-03-30T00:47:41","slug":"%d0%ba%d0%be%d0%bd%d1%82%d0%b0%d0%ba%d1%82%d1%8b","status":"publish","type":"page","link":"https:\/\/satchurch.lv\/ru\/%d0%ba%d0%be%d0%bd%d1%82%d0%b0%d0%ba%d1%82%d1%8b\/","title":{"rendered":"\u041a\u043e\u043d\u0442\u0430\u043a\u0442\u044b"},"content":{"rendered":"<style>#kt-layout-id_66e662-8b > .kt-row-column-wrap{align-content:start;}:where(#kt-layout-id_66e662-8b > .kt-row-column-wrap) > .wp-block-kadence-column{justify-content:start;}#kt-layout-id_66e662-8b > .kt-row-column-wrap{column-gap:var(--global-kb-gap-none, 0rem );row-gap:var(--global-kb-gap-none, 0rem );padding-top:var( --global-kb-row-default-top, 25px );padding-bottom:var( --global-kb-row-default-bottom, 25px );padding-top:var(--global-kb-spacing-sm, 1.5rem);padding-bottom:var(--global-kb-spacing-sm, 1.5rem);grid-template-columns:repeat(2, minmax(0, 1fr));}#kt-layout-id_66e662-8b > .kt-row-layout-overlay{opacity:0.30;}@media all and (max-width: 1024px){#kt-layout-id_66e662-8b > .kt-row-column-wrap{grid-template-columns:repeat(2, minmax(0, 1fr));}}@media all and (max-width: 767px){#kt-layout-id_66e662-8b > .kt-row-column-wrap{grid-template-columns:minmax(0, 1fr);}}<\/style>\n<div class=\"wp-block-kadence-rowlayout alignnone\"><div id=\"kt-layout-id_66e662-8b\" class=\"kt-row-layout-inner kt-layout-id_66e662-8b\"><div class=\"kt-row-column-wrap kt-has-2-columns kt-gutter-none kt-v-gutter-none kt-row-valign-top kt-row-layout-equal kt-tab-layout-inherit kt-m-colapse-left-to-right kt-mobile-layout-row\"><style>.kadence-column_eb748f-72 > .kt-inside-inner-col{border-top-width:0px;border-right-width:0px;border-bottom-width:0px;border-left-width:0px;}.kadence-column_eb748f-72 > .kt-inside-inner-col,.kadence-column_eb748f-72 > .kt-inside-inner-col:before{border-top-left-radius:0px;border-top-right-radius:0px;border-bottom-right-radius:0px;border-bottom-left-radius:0px;}.kadence-column_eb748f-72 > .kt-inside-inner-col{column-gap:var(--global-kb-gap-sm, 1rem);}.kadence-column_eb748f-72 > .kt-inside-inner-col{flex-direction:column;}.kadence-column_eb748f-72 > .kt-inside-inner-col > .aligncenter{width:100%;}.kadence-column_eb748f-72 > .kt-inside-inner-col:before{opacity:0.3;}.kadence-column_eb748f-72{position:relative;}@media all and (max-width: 1024px){.kadence-column_eb748f-72 > .kt-inside-inner-col{flex-direction:column;justify-content:center;}}@media all and (max-width: 767px){.kadence-column_eb748f-72 > .kt-inside-inner-col{flex-direction:column;justify-content:center;}}<\/style>\n<div class=\"wp-block-kadence-column inner-column-1 kadence-column_eb748f-72\"><div class=\"kt-inside-inner-col\">\n<p>SWIFT\/BIC: HABALV22<br\/>konts LV50HABA0551035995817<\/p>\n\n\n\n<p>Draudze \u201cGars un Paties\u012bba\u201d<br\/>Re\u0123. Nr. 90000834982<br\/>E. Kauli\u0146a aleja 5. Lielv\u0101rde<\/p>\n\n\n\n<p><strong>M\u016bsu adrese:<\/strong><br\/>Edgara Kauli\u0146a aleja 5, Lielv\u0101rde. Biju\u0161ais L\u0101\u010dpl\u0113\u0161a kult\u016bras nams.<\/p>\n\n\n\n<p><strong>M\u016bsu dievkalpojumu laiki:<\/strong><br\/>Dievkalpojumi: Sv\u0113tdien\u0101s 11.00 (aktu z\u0101l\u0113)<br\/>(Paral\u0113li darbojas sv\u0113tdienas skola b\u0113rniem).<\/p>\n\n\n\n<p><strong>Ned\u0113\u013cas vid\u016b:<\/strong> m\u0101jas grupas da\u017e\u0101d\u0101s pils\u0113t\u0101s (uzzi\u0146\u0101m zvaniet pa t\u0101lruni: <a href=\"tel:+37127083127\">+37127083127<\/a>;).<\/p>\n\n\n\n<p>Draudze Gars un Paties\u012bba <a rel=\"noreferrer noopener\" href=\"https:\/\/www.google.com\/maps?saddr=My+Location&amp;daddr=Draudze+Gars+un+Paties%C4%ABba,+Edgara+Kauli%C5%86a+aleja+5,+Lielv%C4%81rde,+Lielv%C4%81rdes+pils%C4%93ta,+LV-5070\" target=\"_blank\">sa\u0146em nor\u0101des \u0161eit<\/a><\/p>\n<\/div><\/div>\n\n\n<style>.kadence-column_e436b0-97 > .kt-inside-inner-col{border-top-width:0px;border-right-width:0px;border-bottom-width:0px;border-left-width:0px;}.kadence-column_e436b0-97 > .kt-inside-inner-col,.kadence-column_e436b0-97 > .kt-inside-inner-col:before{border-top-left-radius:0px;border-top-right-radius:0px;border-bottom-right-radius:0px;border-bottom-left-radius:0px;}.kadence-column_e436b0-97 > .kt-inside-inner-col{column-gap:var(--global-kb-gap-sm, 1rem);}.kadence-column_e436b0-97 > .kt-inside-inner-col{flex-direction:column;}.kadence-column_e436b0-97 > .kt-inside-inner-col > .aligncenter{width:100%;}.kadence-column_e436b0-97 > .kt-inside-inner-col:before{opacity:0.3;}.kadence-column_e436b0-97{position:relative;}@media all and (max-width: 1024px){.kadence-column_e436b0-97 > .kt-inside-inner-col{flex-direction:column;justify-content:center;}}@media all and (max-width: 767px){.kadence-column_e436b0-97 > .kt-inside-inner-col{flex-direction:column;justify-content:center;}}<\/style>\n<div class=\"wp-block-kadence-column inner-column-2 kadence-column_e436b0-97\"><div class=\"kt-inside-inner-col\"><div style=\"max-width:100%;overflow:hidden;color:red;width:500px;height:500px;\"><div id=\"googlemaps-display\" style=\"height:100%; width:100%;max-width:100%;\"><iframe style=\"height:100%;width:100%;border:0;\" frameborder=\"0\" src=\"https:\/\/www.google.com\/maps\/embed\/v1\/place?q=draudze+gars+un+patiesiba&#038;key=AIzaSyBFw0Qbyq9zTFTd-tUY6dZWTgaQzuU17R8\"><\/iframe><\/div><a class=\"codefor-googlemap\" rel=\"nofollow\" href=\"https:\/\/www.embed-map.com\" id=\"get-data-forembedmap\">https:\/\/www.embed-map.com<\/a><style>#googlemaps-display .text-marker{}.map-generator{max-width: 100%; max-height: 100%; background: none;<\/style><\/div>\r\n<\/div><\/div>\n<\/div><\/div><\/div>\n","protected":false},"excerpt":{"rendered":"","protected":false},"author":1,"featured_media":0,"parent":0,"menu_order":0,"comment_status":"closed","ping_status":"closed","template":"","meta":{"_kad_blocks_custom_css":"","_kad_blocks_head_custom_js":"","_kad_blocks_body_custom_js":"","_kad_blocks_footer_custom_js":"","_kad_post_transparent":"","_kad_post_title":"","_kad_post_layout":"","_kad_post_sidebar_id":"","_kad_post_content_style":"","_kad_post_vertical_padding":"","_kad_post_feature":"","_kad_post_feature_position":"","_kad_post_header":false,"_kad_post_footer":false,"_kad_post_classname":"","footnotes":""},"class_list":["post-2013","page","type-page","status-publish","hentry"],"taxonomy_info":[],"featured_image_src_large":false,"author_info":{"display_name":"Rolands Z","author_link":"https:\/\/satchurch.lv\/ru\/author\/rolands-zeltins\/"},"comment_info":0,"_links":{"self":[{"href":"https:\/\/satchurch.lv\/ru\/wp-json\/wp\/v2\/pages\/2013","targetHints":{"allow":["GET"]}}],"collection":[{"href":"https:\/\/satchurch.lv\/ru\/wp-json\/wp\/v2\/pages"}],"about":[{"href":"https:\/\/satchurch.lv\/ru\/wp-json\/wp\/v2\/types\/page"}],"author":[{"embeddable":true,"href":"https:\/\/satchurch.lv\/ru\/wp-json\/wp\/v2\/users\/1"}],"replies":[{"embeddable":true,"href":"https:\/\/satchurch.lv\/ru\/wp-json\/wp\/v2\/comments?post=2013"}],"version-history":[{"count":0,"href":"https:\/\/satchurch.lv\/ru\/wp-json\/wp\/v2\/pages\/2013\/revisions"}],"wp:attachment":[{"href":"https:\/\/satchurch.lv\/ru\/wp-json\/wp\/v2\/media?parent=2013"}],"curies":[{"name":"wp","href":"https:\/\/api.w.org\/{rel}","templated":true}]}}